{"id":10622,"date":"2020-03-25T14:26:16","date_gmt":"2020-03-25T13:26:16","guid":{"rendered":"https:\/\/wastevision.com\/smart\/"},"modified":"2024-04-03T19:01:43","modified_gmt":"2024-04-03T17:01:43","slug":"smart","status":"publish","type":"page","link":"https:\/\/wastevision.com\/fr\/smart\/","title":{"rendered":"Tri am\u00e9lior\u00e9 des d\u00e9chets"},"content":{"rendered":"","protected":false},"excerpt":{"rendered":"","protected":false},"author":13,"featured_media":0,"parent":0,"menu_order":0,"comment_status":"closed","ping_status":"closed","template":"page-templates\/product2.php","meta":{"_acf_changed":false,"inline_featured_image":false,"footnotes":""},"class_list":["post-10622","page","type-page","status-publish","hentry"],"acf":[],"_links":{"self":[{"href":"https:\/\/wastevision.com\/fr\/wp-json\/wp\/v2\/pages\/10622","targetHints":{"allow":["GET"]}}],"collection":[{"href":"https:\/\/wastevision.com\/fr\/wp-json\/wp\/v2\/pages"}],"about":[{"href":"https:\/\/wastevision.com\/fr\/wp-json\/wp\/v2\/types\/page"}],"author":[{"embeddable":true,"href":"https:\/\/wastevision.com\/fr\/wp-json\/wp\/v2\/users\/13"}],"replies":[{"embeddable":true,"href":"https:\/\/wastevision.com\/fr\/wp-json\/wp\/v2\/comments?post=10622"}],"version-history":[{"count":0,"href":"https:\/\/wastevision.com\/fr\/wp-json\/wp\/v2\/pages\/10622\/revisions"}],"wp:attachment":[{"href":"https:\/\/wastevision.com\/fr\/wp-json\/wp\/v2\/media?parent=10622"}],"curies":[{"name":"wp","href":"https:\/\/api.w.org\/{rel}","templated":true}]}}